{"id":5,"date":"2021-03-08T18:38:17","date_gmt":"2021-03-08T21:38:17","guid":{"rendered":"https:\/\/patriciabinaghi.com.ar\/?page_id=5"},"modified":"2021-03-18T11:25:55","modified_gmt":"2021-03-18T14:25:55","slug":"landing","status":"publish","type":"page","link":"https:\/\/patriciabinaghi.com.ar\/","title":{"rendered":"Landing"},"content":{"rendered":"<p>[et_pb_section fb_built=&#8221;1&#8243; admin_label=&#8221;Exhibition&#8221; _builder_version=&#8221;4.7.7&#8243; background_enable_image=&#8221;off&#8221; locked=&#8221;off&#8221;][et_pb_row _builder_version=&#8221;4.4.9&#8243;][et_pb_column type=&#8221;4_4&#8243; _builder_version=&#8221;4.4.9&#8243;][et_pb_text _builder_version=&#8221;4.7.7&#8243; text_line_height=&#8221;2em&#8221; header_2_font=&#8221;Montserrat|800||on|||||&#8221; header_2_text_align=&#8221;center&#8221; header_2_text_color=&#8221;#000000&#8243; header_2_font_size=&#8221;122px&#8221; header_2_line_height=&#8221;1.1em&#8221; z_index=&#8221;2&#8243; text_orientation=&#8221;right&#8221; header_2_font_size_tablet=&#8221;100px&#8221; header_2_font_size_phone=&#8221;40px&#8221; header_2_font_size_last_edited=&#8221;on|tablet&#8221; locked=&#8221;off&#8221;]<\/p>\n<h2>patricia binaghi<\/h2>\n<p>[\/et_pb_text][et_pb_image src=&#8221;https:\/\/patriciabinaghi.com.ar\/wp-content\/uploads\/2021\/03\/mancha.png&#8221; title_text=&#8221;mancha&#8221; align=&#8221;center&#8221; _builder_version=&#8221;4.7.7&#8243; positioning=&#8221;absolute&#8221; position_origin_a=&#8221;bottom_right&#8221; vertical_offset=&#8221;-20%&#8221; horizontal_offset=&#8221;2%&#8221; max_width=&#8221;533px&#8221; max_width_tablet=&#8221;487px&#8221; max_width_phone=&#8221;286px&#8221; max_width_last_edited=&#8221;on|phone&#8221; custom_padding=&#8221;0px|||173px|false|false&#8221; hover_enabled=&#8221;0&#8243; sticky_enabled=&#8221;0&#8243; custom_margin=&#8221;||||false|false&#8221;][\/et_pb_image][\/et_pb_column][\/et_pb_row][et_pb_row column_structure=&#8221;1_3,2_3&#8243; _builder_version=&#8221;4.4.9&#8243;][et_pb_column type=&#8221;1_3&#8243; _builder_version=&#8221;4.4.9&#8243;][et_pb_image src=&#8221;https:\/\/patriciabinaghi.com.ar\/wp-content\/uploads\/2021\/03\/Patricia.jpeg&#8221; alt=&#8221;Patricia Binaghi&#8221; title_text=&#8221;Patricia&#8221; _builder_version=&#8221;4.7.7&#8243; _module_preset=&#8221;default&#8221; hover_enabled=&#8221;0&#8243; align=&#8221;center&#8221; src_last_edited=&#8221;on|phone&#8221; sticky_enabled=&#8221;0&#8243;][\/et_pb_image][\/et_pb_column][et_pb_column type=&#8221;2_3&#8243; _builder_version=&#8221;4.4.9&#8243;][et_pb_text _builder_version=&#8221;4.7.7&#8243; _module_preset=&#8221;default&#8221;]<\/p>\n<p>Cuando se es un artista? Se nace o se hace?<\/p>\n<p>No creo que pueda generalizar ni encontrar la verdad absoluta\u00a0 a estas preguntas.<br \/>\nHoy, no me importa encontrarlas.<br \/>\nPorque quiz\u00e1s siempre el arte estuvo conmigo y la vida cotidiana no me permiti\u00f3 aflorarlo.<br \/>\nY aquel 9 de mayo del\u00a0 2009 (en mi cumplea\u00f1os n\u00famero 56) en el taller Luli (*) cuando mis manos tocaron por primera vez la arcilla, h\u00fameda y fr\u00eda, quiz\u00e1s usadas por otras manos de la escuela (**),\u00a0 me trasmiti\u00f3 la esencia fundamental\u00a0 para \u201ccrear\u201d<br \/>\nFue una transferencia,\u00a0 de ese pedazo de tierra\u00a0 a mis yemas\u00a0 y como un chispazo de corriente corri\u00f3 por mi cuerpo, mi mente y mi coraz\u00f3n.<br \/>\nNo s\u00e9 de donde sali\u00f3 o si siempre lo tuve o fue un regalo divino, pero esas dos horas\u00a0 haciendo mi primer \u201cboceto\u201d fue m\u00e1gico, fui feliz.\u00a0 No pod\u00eda creer que mis manos\u00a0 modelaran\u00a0 y de lo que parec\u00eda al principio un bollo amorfo naciera algo con forma humana, era como el g\u00e9nesis.\u00a0 No sali\u00f3 un \u201cDavid\u201d, a decir verdad, pero aun lo conservo como recuerdo de esa hermosa sensaci\u00f3n de paz, de amor, de silencio\u2026 (cuando me anime pongo la foto de mi primer escultura jajajaja)<br \/>\nDe ah\u00ed en m\u00e1s no me separe\u00a0 de la escultura, aunque de corajuda a veces pinto. Segu\u00ed con cer\u00e1mica con mi profe Vero (***) que me ense\u00f1a a encontrarme con mi artista interior.<br \/>\nAhora que pienso, porque estoy haciendo esta p\u00e1gina, seguro que parte es por egocentrismo pero hay mucho de desear que cada uno que lee estas p\u00e1ginas, vean mis obras, entienda que se \u201cpuede\u201d.<br \/>\nNo importa la edad, nuestras historias, ni lo econ\u00f3mico, ni el qu\u00e9 dir\u00e1n, ni todos esos l\u00edmites que nos hemos puestos solos o por el entorno,\u00a0\u00a0 cuando encuentres lo que realmente hace feliz a tu alma entera, \u201chazlo\u201d<\/p>\n<p>Patricia Binaghi<\/p>\n<p>Autodefinida como artista<\/p>\n<p>[\/et_pb_text][\/et_pb_column][\/et_pb_row][\/et_pb_section][et_pb_section fb_built=&#8221;1&#8243; specialty=&#8221;on&#8221; admin_label=&#8221;Gallery&#8221; _builder_version=&#8221;4.5.7&#8243; _module_preset=&#8221;default&#8221; min_height=&#8221;1590px&#8221;][et_pb_column type=&#8221;1_4&#8243; _builder_version=&#8221;3.25&#8243; custom_padding=&#8221;|||&#8221; custom_padding__hover=&#8221;|||&#8221;][et_pb_text _builder_version=&#8221;4.7.7&#8243; text_font=&#8221;Merriweather||||||||&#8221; text_font_size=&#8221;16px&#8221; text_line_height=&#8221;2em&#8221; link_text_color=&#8221;#000000&#8243; max_width=&#8221;400px&#8221; hover_enabled=&#8221;0&#8243; text_font_size_tablet=&#8221;16px&#8221; text_font_size_phone=&#8221;14px&#8221; text_font_size_last_edited=&#8221;off|desktop&#8221; locked=&#8221;off&#8221; content_last_edited=&#8221;on|phone&#8221; sticky_enabled=&#8221;0&#8243; text_font_last_edited=&#8221;on|tablet&#8221;]<a href=\"https:\/\/patriciabinaghi.com.ar\/index.php\/landing\/2020-2\/\">2017<\/a><br \/>\n<a href=\"#\">2016<\/a><br \/>\n<a href=\"#\">2015<\/a><br \/>\n<a href=\"#\">2014<\/a><br \/>\n<a href=\"#\">2013<\/a><br \/>\n<a href=\"#\">2012<\/a><br \/>\n<a href=\"#\">2011<\/a><br \/>\n<a href=\"#\">2010<\/a><br \/>\n<a href=\"#\">2009<\/a>[\/et_pb_text][\/et_pb_column][et_pb_column type=&#8221;3_4&#8243; specialty_columns=&#8221;3&#8243; _builder_version=&#8221;3.25&#8243; custom_padding=&#8221;|||&#8221; custom_padding__hover=&#8221;|||&#8221;][et_pb_row_inner _builder_version=&#8221;4.7.7&#8243; _module_preset=&#8221;default&#8221; collapsed=&#8221;off&#8221;][et_pb_column_inner saved_specialty_column_type=&#8221;3_4&#8243; _builder_version=&#8221;4.7.7&#8243; _module_preset=&#8221;default&#8221;][et_pb_text _builder_version=&#8221;4.7.7&#8243; _module_preset=&#8221;default&#8221; text_font=&#8221;Merriweather||||||||&#8221; header_3_font=&#8221;||||||||&#8221; header_3_text_align=&#8221;center&#8221; header_3_font_size=&#8221;2rem&#8221;]<\/p>\n<h3>Ultimas obras.<\/h3>\n<p>[\/et_pb_text][\/et_pb_column_inner][\/et_pb_row_inner][et_pb_row_inner column_structure=&#8221;1_2,1_2&#8243; _builder_version=&#8221;4.7.7&#8243; _module_preset=&#8221;default&#8221; locked=&#8221;off&#8221;][et_pb_column_inner type=&#8221;1_2&#8243; saved_specialty_column_type=&#8221;3_4&#8243; _builder_version=&#8221;4.5.1&#8243; _module_preset=&#8221;default&#8221;][et_pb_image src=&#8221;https:\/\/patriciabinaghi.com.ar\/wp-content\/uploads\/2021\/03\/DSCN1407-1.jpg&#8221; alt=&#8221;Modigliari&#8221; title_text=&#8221;Modigliari&#8221; show_in_lightbox=&#8221;on&#8221; _builder_version=&#8221;4.7.7&#8243; _module_preset=&#8221;default&#8221;][\/et_pb_image][\/et_pb_column_inner][et_pb_column_inner type=&#8221;1_2&#8243; saved_specialty_column_type=&#8221;3_4&#8243; _builder_version=&#8221;4.5.1&#8243; _module_preset=&#8221;default&#8221;][et_pb_image src=&#8221;https:\/\/patriciabinaghi.com.ar\/wp-content\/uploads\/2021\/03\/DSCN1391.jpg&#8221; title_text=&#8221;DSCN1391&#8243; show_in_lightbox=&#8221;on&#8221; _builder_version=&#8221;4.7.7&#8243; _module_preset=&#8221;default&#8221; locked=&#8221;off&#8221;][\/et_pb_image][\/et_pb_column_inner][\/et_pb_row_inner][et_pb_row_inner _builder_version=&#8221;4.5.1&#8243; _module_preset=&#8221;default&#8221; locked=&#8221;off&#8221;][et_pb_column_inner saved_specialty_column_type=&#8221;3_4&#8243; _builder_version=&#8221;4.5.1&#8243; _module_preset=&#8221;default&#8221;][et_pb_image src=&#8221;https:\/\/patriciabinaghi.com.ar\/wp-content\/uploads\/2021\/03\/1-afrodita.jpg&#8221; alt=&#8221;Afrodita&#8221; title_text=&#8221;Afrodita&#8221; show_in_lightbox=&#8221;on&#8221; _builder_version=&#8221;4.7.7&#8243; _module_preset=&#8221;default&#8221;][\/et_pb_image][\/et_pb_column_inner][\/et_pb_row_inner][et_pb_row_inner column_structure=&#8221;1_3,1_3,1_3&#8243; _builder_version=&#8221;4.5.1&#8243; _module_preset=&#8221;default&#8221; locked=&#8221;off&#8221;][et_pb_column_inner type=&#8221;1_3&#8243; saved_specialty_column_type=&#8221;3_4&#8243; _builder_version=&#8221;4.5.1&#8243; _module_preset=&#8221;default&#8221;][et_pb_image src=&#8221;https:\/\/patriciabinaghi.com.ar\/wp-content\/uploads\/2021\/03\/hombrePajaro.jpg&#8221; alt=&#8221;Bestiario&#8221; title_text=&#8221;hombrePajaro&#8221; show_in_lightbox=&#8221;on&#8221; _builder_version=&#8221;4.7.7&#8243; _module_preset=&#8221;default&#8221;][\/et_pb_image][\/et_pb_column_inner][et_pb_column_inner type=&#8221;1_3&#8243; saved_specialty_column_type=&#8221;3_4&#8243; _builder_version=&#8221;4.5.1&#8243; _module_preset=&#8221;default&#8221;][et_pb_image src=&#8221;https:\/\/patriciabinaghi.com.ar\/wp-content\/uploads\/2021\/03\/hombreTigre.jpg&#8221; alt=&#8221;Bestiario-HombreTigre&#8221; title_text=&#8221;hombreTigre&#8221; show_in_lightbox=&#8221;on&#8221; _builder_version=&#8221;4.7.7&#8243; _module_preset=&#8221;default&#8221; locked=&#8221;off&#8221;][\/et_pb_image][\/et_pb_column_inner][et_pb_column_inner type=&#8221;1_3&#8243; saved_specialty_column_type=&#8221;3_4&#8243; _builder_version=&#8221;4.5.1&#8243; _module_preset=&#8221;default&#8221;][et_pb_image src=&#8221;https:\/\/patriciabinaghi.com.ar\/wp-content\/uploads\/2021\/03\/viborata.jpg&#8221; alt=&#8221;viborata_bestiario&#8221; title_text=&#8221;viborata&#8221; show_in_lightbox=&#8221;on&#8221; _builder_version=&#8221;4.7.7&#8243; _module_preset=&#8221;default&#8221; locked=&#8221;off&#8221;][\/et_pb_image][\/et_pb_column_inner][\/et_pb_row_inner][\/et_pb_column][\/et_pb_section][et_pb_section fb_built=&#8221;1&#8243; admin_label=&#8221;Footer&#8221; _builder_version=&#8221;4.7.7&#8243; background_image=&#8221;https:\/\/patriciabinaghi.com.ar\/wp-content\/uploads\/2021\/03\/Painter-artist-33.png&#8221; overflow-x=&#8221;hidden&#8221; overflow-y=&#8221;hidden&#8221; saved_tabs=&#8221;all&#8221; locked=&#8221;off&#8221;][et_pb_row _builder_version=&#8221;4.4.9&#8243;][et_pb_column type=&#8221;4_4&#8243; _builder_version=&#8221;4.4.9&#8243;][et_pb_blurb title=&#8221;Patricia Binaghi&#8221; image=&#8221;https:\/\/patriciabinaghi.com.ar\/wp-content\/uploads\/2021\/03\/Firma-Patricia-2-02.jpg&#8221; _builder_version=&#8221;4.7.7&#8243; header_font=&#8221;Merriweather|700|||||||&#8221; header_text_color=&#8221;#000000&#8243; header_font_size=&#8221;22px&#8221; header_line_height=&#8221;1.2em&#8221; text_orientation=&#8221;center&#8221; animation_style=&#8221;slide&#8221; animation_direction=&#8221;bottom&#8221; animation_duration=&#8221;1600ms&#8221; animation=&#8221;off&#8221; header_font_size_tablet=&#8221;18px&#8221; header_font_size_phone=&#8221;16px&#8221; header_font_size_last_edited=&#8221;on|phone&#8221;][\/et_pb_blurb][\/et_pb_column][\/et_pb_row][et_pb_row use_custom_gutter=&#8221;on&#8221; gutter_width=&#8221;2&#8243; _builder_version=&#8221;4.5.6&#8243;][et_pb_column type=&#8221;4_4&#8243; _builder_version=&#8221;4.4.9&#8243;][et_pb_text _builder_version=&#8221;4.7.7&#8243; text_font=&#8221;Merriweather||||||||&#8221; text_text_color=&#8221;#000000&#8243; text_font_size=&#8221;26px&#8221; text_line_height=&#8221;2em&#8221; link_text_color=&#8221;#000000&#8243; header_6_font=&#8221;Montserrat|700||on|||||&#8221; header_6_text_color=&#8221;#fd6927&#8243; header_6_font_size=&#8221;12px&#8221; header_6_letter_spacing=&#8221;2px&#8221; header_6_line_height=&#8221;1.2em&#8221; text_orientation=&#8221;center&#8221; animation_style=&#8221;slide&#8221; animation_direction=&#8221;bottom&#8221; text_font_size_tablet=&#8221;18px&#8221; text_font_size_phone=&#8221;16px&#8221; text_font_size_last_edited=&#8221;on|desktop&#8221; locked=&#8221;off&#8221;]<\/p>\n<h6>Email<\/h6>\n<p><a href=\"mailto:patbin@yahoo.com\">patbin@yahoo.com<\/a><\/p>\n<p>[\/et_pb_text][\/et_pb_column][\/et_pb_row][\/et_pb_section]<\/p>\n","protected":false},"excerpt":{"rendered":"<p>patricia binaghiCuando se es un artista? Se nace o se hace? No creo que pueda generalizar ni encontrar la verdad absoluta\u00a0 a estas preguntas. Hoy, no me importa encontrarlas. Porque quiz\u00e1s siempre el arte estuvo conmigo y la vida cotidiana no me permiti\u00f3 aflorarlo. Y aquel 9 de mayo del\u00a0 2009 (en mi cumplea\u00f1os n\u00famero [&hellip;]<\/p>\n","protected":false},"author":1,"featured_media":0,"parent":0,"menu_order":0,"comment_status":"closed","ping_status":"closed","template":"page-template-blank.php","meta":{"_et_pb_use_builder":"on","_et_pb_old_content":"","_et_gb_content_width":"","footnotes":""},"class_list":["post-5","page","type-page","status-publish","hentry"],"_links":{"self":[{"href":"https:\/\/patriciabinaghi.com.ar\/index.php\/wp-json\/wp\/v2\/pages\/5","targetHints":{"allow":["GET"]}}],"collection":[{"href":"https:\/\/patriciabinaghi.com.ar\/index.php\/wp-json\/wp\/v2\/pages"}],"about":[{"href":"https:\/\/patriciabinaghi.com.ar\/index.php\/wp-json\/wp\/v2\/types\/page"}],"author":[{"embeddable":true,"href":"https:\/\/patriciabinaghi.com.ar\/index.php\/wp-json\/wp\/v2\/users\/1"}],"replies":[{"embeddable":true,"href":"https:\/\/patriciabinaghi.com.ar\/index.php\/wp-json\/wp\/v2\/comments?post=5"}],"version-history":[{"count":22,"href":"https:\/\/patriciabinaghi.com.ar\/index.php\/wp-json\/wp\/v2\/pages\/5\/revisions"}],"predecessor-version":[{"id":138,"href":"https:\/\/patriciabinaghi.com.ar\/index.php\/wp-json\/wp\/v2\/pages\/5\/revisions\/138"}],"wp:attachment":[{"href":"https:\/\/patriciabinaghi.com.ar\/index.php\/wp-json\/wp\/v2\/media?parent=5"}],"curies":[{"name":"wp","href":"https:\/\/api.w.org\/{rel}","templated":true}]}}